{"id":22,"date":"2024-06-26T15:43:43","date_gmt":"2024-06-26T13:43:43","guid":{"rendered":"http:\/\/pariente.legrandmazarin.milkdigital.fr\/?page_id=22"},"modified":"2025-07-24T11:15:37","modified_gmt":"2025-07-24T09:15:37","slug":"galerie","status":"publish","type":"page","link":"https:\/\/mp.hosting.threatspike.net\/fr\/galerie\/","title":{"rendered":"Galerie"},"content":{"rendered":"","protected":false},"excerpt":{"rendered":"","protected":false},"author":1,"featured_media":0,"parent":0,"menu_order":0,"comment_status":"closed","ping_status":"closed","template":"","meta":{"_acf_changed":false,"inline_featured_image":false,"footnotes":""},"class_list":["post-22","page","type-page","status-publish","hentry"],"acf":[],"yoast_head":"\nGalerie Photos | H\u00f4tel 5* | Maisons Pariente<\/title>\n<meta name=\"description\" content=\"Explorez la galerie photo de Maisons Pariente : d\u00e9couvrez en images le luxe et l'\u00e9l\u00e9gance de nos h\u00f4tels 5 \u00e9toiles et leurs magnifiques destinations.\" \/>\n<meta name=\"robots\" content=\"index, follow, max-snippet:-1, max-image-preview:large, max-video-preview:-1\" \/>\n<link rel=\"canonical\" href=\"https:\/\/mp.hosting.threatspike.net\/fr\/galerie\/\" \/>\n<meta property=\"og:locale\" content=\"fr_FR\" \/>\n<meta property=\"og:type\" content=\"article\" \/>\n<meta property=\"og:title\" content=\"Galerie Photos | H\u00f4tel 5* | Maisons Pariente\" \/>\n<meta property=\"og:description\" content=\"Explorez la galerie photo de Maisons Pariente : d\u00e9couvrez en images le luxe et l'\u00e9l\u00e9gance de nos h\u00f4tels 5 \u00e9toiles et leurs magnifiques destinations.\" \/>\n<meta property=\"og:url\" content=\"https:\/\/mp.hosting.threatspike.net\/fr\/galerie\/\" \/>\n<meta property=\"og:site_name\" content=\"Maisons Pariente\" \/>\n<meta property=\"article:modified_time\" content=\"2025-07-24T09:15:37+00:00\" \/>\n<meta name=\"twitter:card\" content=\"summary_large_image\" \/>\n<script type=\"application\/ld+json\" class=\"yoast-schema-graph\">{\"@context\":\"https:\/\/schema.org\",\"@graph\":[{\"@type\":\"WebPage\",\"@id\":\"https:\/\/mp.hosting.threatspike.net\/fr\/galerie\/\",\"url\":\"https:\/\/mp.hosting.threatspike.net\/fr\/galerie\/\",\"name\":\"Galerie Photos | H\u00f4tel 5* | Maisons Pariente\",\"isPartOf\":{\"@id\":\"https:\/\/mp.hosting.threatspike.net\/#website\"},\"datePublished\":\"2024-06-26T13:43:43+00:00\",\"dateModified\":\"2025-07-24T09:15:37+00:00\",\"description\":\"Explorez la galerie photo de Maisons Pariente : d\u00e9couvrez en images le luxe et l'\u00e9l\u00e9gance de nos h\u00f4tels 5 \u00e9toiles et leurs magnifiques destinations.\",\"breadcrumb\":{\"@id\":\"https:\/\/mp.hosting.threatspike.net\/fr\/galerie\/#breadcrumb\"},\"inLanguage\":\"fr-FR\",\"potentialAction\":[{\"@type\":\"ReadAction\",\"target\":[\"https:\/\/mp.hosting.threatspike.net\/fr\/galerie\/\"]}]},{\"@type\":\"BreadcrumbList\",\"@id\":\"https:\/\/mp.hosting.threatspike.net\/fr\/galerie\/#breadcrumb\",\"itemListElement\":[{\"@type\":\"ListItem\",\"position\":1,\"name\":\"Accueil\",\"item\":\"https:\/\/mp.hosting.threatspike.net\/fr\/\"},{\"@type\":\"ListItem\",\"position\":2,\"name\":\"Galerie\"}]},{\"@type\":\"WebSite\",\"@id\":\"https:\/\/mp.hosting.threatspike.net\/#website\",\"url\":\"https:\/\/mp.hosting.threatspike.net\/\",\"name\":\"Maisons Pariente\",\"description\":\"Une collection d'h\u00f4tels 5* familiale et contemporaine\",\"publisher\":{\"@id\":\"https:\/\/mp.hosting.threatspike.net\/#organization\"},\"potentialAction\":[{\"@type\":\"SearchAction\",\"target\":{\"@type\":\"EntryPoint\",\"urlTemplate\":\"https:\/\/mp.hosting.threatspike.net\/?s={search_term_string}\"},\"query-input\":{\"@type\":\"PropertyValueSpecification\",\"valueRequired\":true,\"valueName\":\"search_term_string\"}}],\"inLanguage\":\"fr-FR\"},{\"@type\":\"Organization\",\"@id\":\"https:\/\/mp.hosting.threatspike.net\/#organization\",\"name\":\"Maisons Pariente\",\"url\":\"https:\/\/mp.hosting.threatspike.net\/\",\"logo\":{\"@type\":\"ImageObject\",\"inLanguage\":\"fr-FR\",\"@id\":\"https:\/\/mp.hosting.threatspike.net\/#\/schema\/logo\/image\/\",\"url\":\"https:\/\/mp.hosting.threatspike.net\/wp-content\/uploads\/sites\/2\/2024\/06\/LOGO-Maison-Pariente.svg\",\"contentUrl\":\"https:\/\/mp.hosting.threatspike.net\/wp-content\/uploads\/sites\/2\/2024\/06\/LOGO-Maison-Pariente.svg\",\"width\":360,\"height\":93,\"caption\":\"Maisons Pariente\"},\"image\":{\"@id\":\"https:\/\/mp.hosting.threatspike.net\/#\/schema\/logo\/image\/\"}}]}<\/script>\n<!-- \/ Yoast SEO plugin. -->","yoast_head_json":{"title":"Galerie Photos | H\u00f4tel 5* | Maisons Pariente","description":"Explorez la galerie photo de Maisons Pariente : d\u00e9couvrez en images le luxe et l'\u00e9l\u00e9gance de nos h\u00f4tels 5 \u00e9toiles et leurs magnifiques destinations.","robots":{"index":"index","follow":"follow","max-snippet":"max-snippet:-1","max-image-preview":"max-image-preview:large","max-video-preview":"max-video-preview:-1"},"canonical":"https:\/\/mp.hosting.threatspike.net\/fr\/galerie\/","og_locale":"fr_FR","og_type":"article","og_title":"Galerie Photos | H\u00f4tel 5* | Maisons Pariente","og_description":"Explorez la galerie photo de Maisons Pariente : d\u00e9couvrez en images le luxe et l'\u00e9l\u00e9gance de nos h\u00f4tels 5 \u00e9toiles et leurs magnifiques destinations.","og_url":"https:\/\/mp.hosting.threatspike.net\/fr\/galerie\/","og_site_name":"Maisons Pariente","article_modified_time":"2025-07-24T09:15:37+00:00","twitter_card":"summary_large_image","schema":{"@context":"https:\/\/schema.org","@graph":[{"@type":"WebPage","@id":"https:\/\/mp.hosting.threatspike.net\/fr\/galerie\/","url":"https:\/\/mp.hosting.threatspike.net\/fr\/galerie\/","name":"Galerie Photos | H\u00f4tel 5* | Maisons Pariente","isPartOf":{"@id":"https:\/\/mp.hosting.threatspike.net\/#website"},"datePublished":"2024-06-26T13:43:43+00:00","dateModified":"2025-07-24T09:15:37+00:00","description":"Explorez la galerie photo de Maisons Pariente : d\u00e9couvrez en images le luxe et l'\u00e9l\u00e9gance de nos h\u00f4tels 5 \u00e9toiles et leurs magnifiques destinations.","breadcrumb":{"@id":"https:\/\/mp.hosting.threatspike.net\/fr\/galerie\/#breadcrumb"},"inLanguage":"fr-FR","potentialAction":[{"@type":"ReadAction","target":["https:\/\/mp.hosting.threatspike.net\/fr\/galerie\/"]}]},{"@type":"BreadcrumbList","@id":"https:\/\/mp.hosting.threatspike.net\/fr\/galerie\/#breadcrumb","itemListElement":[{"@type":"ListItem","position":1,"name":"Accueil","item":"https:\/\/mp.hosting.threatspike.net\/fr\/"},{"@type":"ListItem","position":2,"name":"Galerie"}]},{"@type":"WebSite","@id":"https:\/\/mp.hosting.threatspike.net\/#website","url":"https:\/\/mp.hosting.threatspike.net\/","name":"Maisons Pariente","description":"Une collection d'h\u00f4tels 5* familiale et contemporaine","publisher":{"@id":"https:\/\/mp.hosting.threatspike.net\/#organization"},"potentialAction":[{"@type":"SearchAction","target":{"@type":"EntryPoint","urlTemplate":"https:\/\/mp.hosting.threatspike.net\/?s={search_term_string}"},"query-input":{"@type":"PropertyValueSpecification","valueRequired":true,"valueName":"search_term_string"}}],"inLanguage":"fr-FR"},{"@type":"Organization","@id":"https:\/\/mp.hosting.threatspike.net\/#organization","name":"Maisons Pariente","url":"https:\/\/mp.hosting.threatspike.net\/","logo":{"@type":"ImageObject","inLanguage":"fr-FR","@id":"https:\/\/mp.hosting.threatspike.net\/#\/schema\/logo\/image\/","url":"https:\/\/mp.hosting.threatspike.net\/wp-content\/uploads\/sites\/2\/2024\/06\/LOGO-Maison-Pariente.svg","contentUrl":"https:\/\/mp.hosting.threatspike.net\/wp-content\/uploads\/sites\/2\/2024\/06\/LOGO-Maison-Pariente.svg","width":360,"height":93,"caption":"Maisons Pariente"},"image":{"@id":"https:\/\/mp.hosting.threatspike.net\/#\/schema\/logo\/image\/"}}]}},"_links":{"self":[{"href":"https:\/\/mp.hosting.threatspike.net\/fr\/wp-json\/wp\/v2\/pages\/22","targetHints":{"allow":["GET"]}}],"collection":[{"href":"https:\/\/mp.hosting.threatspike.net\/fr\/wp-json\/wp\/v2\/pages"}],"about":[{"href":"https:\/\/mp.hosting.threatspike.net\/fr\/wp-json\/wp\/v2\/types\/page"}],"author":[{"embeddable":true,"href":"https:\/\/mp.hosting.threatspike.net\/fr\/wp-json\/wp\/v2\/users\/1"}],"replies":[{"embeddable":true,"href":"https:\/\/mp.hosting.threatspike.net\/fr\/wp-json\/wp\/v2\/comments?post=22"}],"version-history":[{"count":92,"href":"https:\/\/mp.hosting.threatspike.net\/fr\/wp-json\/wp\/v2\/pages\/22\/revisions"}],"predecessor-version":[{"id":3362,"href":"https:\/\/mp.hosting.threatspike.net\/fr\/wp-json\/wp\/v2\/pages\/22\/revisions\/3362"}],"wp:attachment":[{"href":"https:\/\/mp.hosting.threatspike.net\/fr\/wp-json\/wp\/v2\/media?parent=22"}],"curies":[{"name":"wp","href":"https:\/\/api.w.org\/{rel}","templated":true}]}}