{"id":2776,"date":"2024-09-06T17:03:56","date_gmt":"2024-09-06T15:03:56","guid":{"rendered":"https:\/\/mp.hosting.threatspike.net\/?page_id=2776"},"modified":"2026-02-23T17:25:03","modified_gmt":"2026-02-23T16:25:03","slug":"prix-maisons-pariente","status":"publish","type":"page","link":"https:\/\/mp.hosting.threatspike.net\/fr\/prix-maisons-pariente\/","title":{"rendered":"Prix Maisons Pariente"},"content":{"rendered":"","protected":false},"excerpt":{"rendered":"","protected":false},"author":2,"featured_media":0,"parent":0,"menu_order":0,"comment_status":"closed","ping_status":"closed","template":"","meta":{"_acf_changed":false,"inline_featured_image":false,"footnotes":""},"class_list":["post-2776","page","type-page","status-publish","hentry"],"acf":[],"yoast_head":"\nConcours artistique | Prix Maisons Pariente<\/title>\n<meta name=\"description\" content=\"Participez au Prix Maisons Pariente, un concours artistique destin\u00e9 \u00e0 r\u00e9v\u00e9ler les talents \u00e9mergents. Candidatures ouvertes jusqu'au 31\/01\/2025.\" \/>\n<meta name=\"robots\" content=\"index, follow, max-snippet:-1, max-image-preview:large, max-video-preview:-1\" \/>\n<link rel=\"canonical\" href=\"https:\/\/mp.hosting.threatspike.net\/fr\/rse\/\" \/>\n<meta property=\"og:locale\" content=\"fr_FR\" \/>\n<meta property=\"og:type\" content=\"article\" \/>\n<meta property=\"og:title\" content=\"Concours artistique | Prix Maisons Pariente\" \/>\n<meta property=\"og:description\" content=\"Participez au Prix Maisons Pariente, un concours artistique destin\u00e9 \u00e0 r\u00e9v\u00e9ler les talents \u00e9mergents. Candidatures ouvertes jusqu'au 31\/01\/2025.\" \/>\n<meta property=\"og:url\" content=\"https:\/\/mp.hosting.threatspike.net\/fr\/rse\/\" \/>\n<meta property=\"og:site_name\" content=\"Maisons Pariente\" \/>\n<meta property=\"article:modified_time\" content=\"2026-02-23T16:25:03+00:00\" \/>\n<meta name=\"twitter:card\" content=\"summary_large_image\" \/>\n<script type=\"application\/ld+json\" class=\"yoast-schema-graph\">{\"@context\":\"https:\/\/schema.org\",\"@graph\":[{\"@type\":\"WebPage\",\"@id\":\"https:\/\/mp.hosting.threatspike.net\/fr\/prix-maisons-pariente\/\",\"url\":\"https:\/\/mp.hosting.threatspike.net\/fr\/rse\/\",\"name\":\"Concours artistique | Prix Maisons Pariente\",\"isPartOf\":{\"@id\":\"https:\/\/mp.hosting.threatspike.net\/#website\"},\"datePublished\":\"2024-09-06T15:03:56+00:00\",\"dateModified\":\"2026-02-23T16:25:03+00:00\",\"description\":\"Participez au Prix Maisons Pariente, un concours artistique destin\u00e9 \u00e0 r\u00e9v\u00e9ler les talents \u00e9mergents. Candidatures ouvertes jusqu'au 31\/01\/2025.\",\"breadcrumb\":{\"@id\":\"https:\/\/mp.hosting.threatspike.net\/fr\/rse\/#breadcrumb\"},\"inLanguage\":\"fr-FR\",\"potentialAction\":[{\"@type\":\"ReadAction\",\"target\":[\"https:\/\/mp.hosting.threatspike.net\/fr\/rse\/\"]}]},{\"@type\":\"BreadcrumbList\",\"@id\":\"https:\/\/mp.hosting.threatspike.net\/fr\/rse\/#breadcrumb\",\"itemListElement\":[{\"@type\":\"ListItem\",\"position\":1,\"name\":\"Accueil\",\"item\":\"https:\/\/mp.hosting.threatspike.net\/fr\/\"},{\"@type\":\"ListItem\",\"position\":2,\"name\":\"Prix Maisons Pariente\"}]},{\"@type\":\"WebSite\",\"@id\":\"https:\/\/mp.hosting.threatspike.net\/#website\",\"url\":\"https:\/\/mp.hosting.threatspike.net\/\",\"name\":\"Maisons Pariente\",\"description\":\"Une collection d'h\u00f4tels 5* familiale et contemporaine\",\"publisher\":{\"@id\":\"https:\/\/mp.hosting.threatspike.net\/#organization\"},\"potentialAction\":[{\"@type\":\"SearchAction\",\"target\":{\"@type\":\"EntryPoint\",\"urlTemplate\":\"https:\/\/mp.hosting.threatspike.net\/?s={search_term_string}\"},\"query-input\":{\"@type\":\"PropertyValueSpecification\",\"valueRequired\":true,\"valueName\":\"search_term_string\"}}],\"inLanguage\":\"fr-FR\"},{\"@type\":\"Organization\",\"@id\":\"https:\/\/mp.hosting.threatspike.net\/#organization\",\"name\":\"Maisons Pariente\",\"url\":\"https:\/\/mp.hosting.threatspike.net\/\",\"logo\":{\"@type\":\"ImageObject\",\"inLanguage\":\"fr-FR\",\"@id\":\"https:\/\/mp.hosting.threatspike.net\/#\/schema\/logo\/image\/\",\"url\":\"https:\/\/mp.hosting.threatspike.net\/wp-content\/uploads\/sites\/2\/2024\/06\/LOGO-Maison-Pariente.svg\",\"contentUrl\":\"https:\/\/mp.hosting.threatspike.net\/wp-content\/uploads\/sites\/2\/2024\/06\/LOGO-Maison-Pariente.svg\",\"width\":360,\"height\":93,\"caption\":\"Maisons Pariente\"},\"image\":{\"@id\":\"https:\/\/mp.hosting.threatspike.net\/#\/schema\/logo\/image\/\"}}]}<\/script>\n<!-- \/ Yoast SEO plugin. -->","yoast_head_json":{"title":"Concours artistique | Prix Maisons Pariente","description":"Participez au Prix Maisons Pariente, un concours artistique destin\u00e9 \u00e0 r\u00e9v\u00e9ler les talents \u00e9mergents. Candidatures ouvertes jusqu'au 31\/01\/2025.","robots":{"index":"index","follow":"follow","max-snippet":"max-snippet:-1","max-image-preview":"max-image-preview:large","max-video-preview":"max-video-preview:-1"},"canonical":"https:\/\/mp.hosting.threatspike.net\/fr\/rse\/","og_locale":"fr_FR","og_type":"article","og_title":"Concours artistique | Prix Maisons Pariente","og_description":"Participez au Prix Maisons Pariente, un concours artistique destin\u00e9 \u00e0 r\u00e9v\u00e9ler les talents \u00e9mergents. Candidatures ouvertes jusqu'au 31\/01\/2025.","og_url":"https:\/\/mp.hosting.threatspike.net\/fr\/rse\/","og_site_name":"Maisons Pariente","article_modified_time":"2026-02-23T16:25:03+00:00","twitter_card":"summary_large_image","schema":{"@context":"https:\/\/schema.org","@graph":[{"@type":"WebPage","@id":"https:\/\/mp.hosting.threatspike.net\/fr\/prix-maisons-pariente\/","url":"https:\/\/mp.hosting.threatspike.net\/fr\/rse\/","name":"Concours artistique | Prix Maisons Pariente","isPartOf":{"@id":"https:\/\/mp.hosting.threatspike.net\/#website"},"datePublished":"2024-09-06T15:03:56+00:00","dateModified":"2026-02-23T16:25:03+00:00","description":"Participez au Prix Maisons Pariente, un concours artistique destin\u00e9 \u00e0 r\u00e9v\u00e9ler les talents \u00e9mergents. Candidatures ouvertes jusqu'au 31\/01\/2025.","breadcrumb":{"@id":"https:\/\/mp.hosting.threatspike.net\/fr\/rse\/#breadcrumb"},"inLanguage":"fr-FR","potentialAction":[{"@type":"ReadAction","target":["https:\/\/mp.hosting.threatspike.net\/fr\/rse\/"]}]},{"@type":"BreadcrumbList","@id":"https:\/\/mp.hosting.threatspike.net\/fr\/rse\/#breadcrumb","itemListElement":[{"@type":"ListItem","position":1,"name":"Accueil","item":"https:\/\/mp.hosting.threatspike.net\/fr\/"},{"@type":"ListItem","position":2,"name":"Prix Maisons Pariente"}]},{"@type":"WebSite","@id":"https:\/\/mp.hosting.threatspike.net\/#website","url":"https:\/\/mp.hosting.threatspike.net\/","name":"Maisons Pariente","description":"Une collection d'h\u00f4tels 5* familiale et contemporaine","publisher":{"@id":"https:\/\/mp.hosting.threatspike.net\/#organization"},"potentialAction":[{"@type":"SearchAction","target":{"@type":"EntryPoint","urlTemplate":"https:\/\/mp.hosting.threatspike.net\/?s={search_term_string}"},"query-input":{"@type":"PropertyValueSpecification","valueRequired":true,"valueName":"search_term_string"}}],"inLanguage":"fr-FR"},{"@type":"Organization","@id":"https:\/\/mp.hosting.threatspike.net\/#organization","name":"Maisons Pariente","url":"https:\/\/mp.hosting.threatspike.net\/","logo":{"@type":"ImageObject","inLanguage":"fr-FR","@id":"https:\/\/mp.hosting.threatspike.net\/#\/schema\/logo\/image\/","url":"https:\/\/mp.hosting.threatspike.net\/wp-content\/uploads\/sites\/2\/2024\/06\/LOGO-Maison-Pariente.svg","contentUrl":"https:\/\/mp.hosting.threatspike.net\/wp-content\/uploads\/sites\/2\/2024\/06\/LOGO-Maison-Pariente.svg","width":360,"height":93,"caption":"Maisons Pariente"},"image":{"@id":"https:\/\/mp.hosting.threatspike.net\/#\/schema\/logo\/image\/"}}]}},"_links":{"self":[{"href":"https:\/\/mp.hosting.threatspike.net\/fr\/wp-json\/wp\/v2\/pages\/2776","targetHints":{"allow":["GET"]}}],"collection":[{"href":"https:\/\/mp.hosting.threatspike.net\/fr\/wp-json\/wp\/v2\/pages"}],"about":[{"href":"https:\/\/mp.hosting.threatspike.net\/fr\/wp-json\/wp\/v2\/types\/page"}],"author":[{"embeddable":true,"href":"https:\/\/mp.hosting.threatspike.net\/fr\/wp-json\/wp\/v2\/users\/2"}],"replies":[{"embeddable":true,"href":"https:\/\/mp.hosting.threatspike.net\/fr\/wp-json\/wp\/v2\/comments?post=2776"}],"version-history":[{"count":118,"href":"https:\/\/mp.hosting.threatspike.net\/fr\/wp-json\/wp\/v2\/pages\/2776\/revisions"}],"predecessor-version":[{"id":3957,"href":"https:\/\/mp.hosting.threatspike.net\/fr\/wp-json\/wp\/v2\/pages\/2776\/revisions\/3957"}],"wp:attachment":[{"href":"https:\/\/mp.hosting.threatspike.net\/fr\/wp-json\/wp\/v2\/media?parent=2776"}],"curies":[{"name":"wp","href":"https:\/\/api.w.org\/{rel}","templated":true}]}}