{"id":8,"date":"2024-05-15T11:48:57","date_gmt":"2024-05-15T09:48:57","guid":{"rendered":"http:\/\/pariente.legrandmazarin.milkdigital.fr\/?page_id=8"},"modified":"2025-12-01T18:11:57","modified_gmt":"2025-12-01T17:11:57","slug":"maisons-pariente","status":"publish","type":"page","link":"https:\/\/mp.hosting.threatspike.net\/fr\/","title":{"rendered":"Accueil"},"content":{"rendered":"","protected":false},"excerpt":{"rendered":"","protected":false},"author":1,"featured_media":0,"parent":0,"menu_order":0,"comment_status":"closed","ping_status":"closed","template":"","meta":{"_acf_changed":false,"inline_featured_image":false,"footnotes":""},"class_list":["post-8","page","type-page","status-publish","hentry"],"acf":[],"yoast_head":"\nMaisons Pariente | Site officiel | H\u00f4tels de luxe 5 \u00e9toiles<\/title>\n<meta name=\"description\" content=\"D\u00e9couvrez Maisons Pariente, collection d'h\u00f4tels 5 \u00e9toiles d'exception. Luxe, confort et destinations pris\u00e9es vous attendent. R\u00e9servez d\u00e8s maintenant !\" \/>\n<meta name=\"robots\" content=\"index, follow, max-snippet:-1, max-image-preview:large, max-video-preview:-1\" \/>\n<link rel=\"canonical\" href=\"https:\/\/mp.hosting.threatspike.net\/fr\/\" \/>\n<meta property=\"og:locale\" content=\"fr_FR\" \/>\n<meta property=\"og:type\" content=\"article\" \/>\n<meta property=\"og:title\" content=\"Maisons Pariente | Site officiel | H\u00f4tels de luxe 5 \u00e9toiles\" \/>\n<meta property=\"og:description\" content=\"D\u00e9couvrez Maisons Pariente, collection d'h\u00f4tels 5 \u00e9toiles d'exception. Luxe, confort et destinations pris\u00e9es vous attendent. R\u00e9servez d\u00e8s maintenant !\" \/>\n<meta property=\"og:url\" content=\"https:\/\/mp.hosting.threatspike.net\/fr\/\" \/>\n<meta property=\"og:site_name\" content=\"Maisons Pariente\" \/>\n<meta property=\"article:modified_time\" content=\"2025-12-01T17:11:57+00:00\" \/>\n<meta name=\"twitter:card\" content=\"summary_large_image\" \/>\n<script type=\"application\/ld+json\" class=\"yoast-schema-graph\">{\"@context\":\"https:\/\/schema.org\",\"@graph\":[{\"@type\":\"WebPage\",\"@id\":\"https:\/\/mp.hosting.threatspike.net\/fr\/\",\"url\":\"https:\/\/mp.hosting.threatspike.net\/fr\/\",\"name\":\"Maisons Pariente | Site officiel | H\u00f4tels de luxe 5 \u00e9toiles\",\"isPartOf\":{\"@id\":\"https:\/\/mp.hosting.threatspike.net\/#website\"},\"datePublished\":\"2024-05-15T09:48:57+00:00\",\"dateModified\":\"2025-12-01T17:11:57+00:00\",\"description\":\"D\u00e9couvrez Maisons Pariente, collection d'h\u00f4tels 5 \u00e9toiles d'exception. Luxe, confort et destinations pris\u00e9es vous attendent. R\u00e9servez d\u00e8s maintenant !\",\"breadcrumb\":{\"@id\":\"https:\/\/mp.hosting.threatspike.net\/fr\/#breadcrumb\"},\"inLanguage\":\"fr-FR\",\"potentialAction\":[{\"@type\":\"ReadAction\",\"target\":[\"https:\/\/mp.hosting.threatspike.net\/fr\/\"]}]},{\"@type\":\"BreadcrumbList\",\"@id\":\"https:\/\/mp.hosting.threatspike.net\/fr\/#breadcrumb\",\"itemListElement\":[{\"@type\":\"ListItem\",\"position\":1,\"name\":\"Accueil\",\"item\":\"https:\/\/mp.hosting.threatspike.net\/fr\/\"},{\"@type\":\"ListItem\",\"position\":2,\"name\":\"Accueil\"}]},{\"@type\":\"WebSite\",\"@id\":\"https:\/\/mp.hosting.threatspike.net\/#website\",\"url\":\"https:\/\/mp.hosting.threatspike.net\/\",\"name\":\"Maisons Pariente\",\"description\":\"Une collection d'h\u00f4tels 5* familiale et contemporaine\",\"publisher\":{\"@id\":\"https:\/\/mp.hosting.threatspike.net\/#organization\"},\"potentialAction\":[{\"@type\":\"SearchAction\",\"target\":{\"@type\":\"EntryPoint\",\"urlTemplate\":\"https:\/\/mp.hosting.threatspike.net\/?s={search_term_string}\"},\"query-input\":{\"@type\":\"PropertyValueSpecification\",\"valueRequired\":true,\"valueName\":\"search_term_string\"}}],\"inLanguage\":\"fr-FR\"},{\"@type\":\"Organization\",\"@id\":\"https:\/\/mp.hosting.threatspike.net\/#organization\",\"name\":\"Maisons Pariente\",\"url\":\"https:\/\/mp.hosting.threatspike.net\/\",\"logo\":{\"@type\":\"ImageObject\",\"inLanguage\":\"fr-FR\",\"@id\":\"https:\/\/mp.hosting.threatspike.net\/#\/schema\/logo\/image\/\",\"url\":\"https:\/\/mp.hosting.threatspike.net\/wp-content\/uploads\/sites\/2\/2024\/06\/LOGO-Maison-Pariente.svg\",\"contentUrl\":\"https:\/\/mp.hosting.threatspike.net\/wp-content\/uploads\/sites\/2\/2024\/06\/LOGO-Maison-Pariente.svg\",\"width\":360,\"height\":93,\"caption\":\"Maisons Pariente\"},\"image\":{\"@id\":\"https:\/\/mp.hosting.threatspike.net\/#\/schema\/logo\/image\/\"}}]}<\/script>\n<!-- \/ Yoast SEO plugin. -->","yoast_head_json":{"title":"Maisons Pariente | Site officiel | H\u00f4tels de luxe 5 \u00e9toiles","description":"D\u00e9couvrez Maisons Pariente, collection d'h\u00f4tels 5 \u00e9toiles d'exception. Luxe, confort et destinations pris\u00e9es vous attendent. R\u00e9servez d\u00e8s maintenant !","robots":{"index":"index","follow":"follow","max-snippet":"max-snippet:-1","max-image-preview":"max-image-preview:large","max-video-preview":"max-video-preview:-1"},"canonical":"https:\/\/mp.hosting.threatspike.net\/fr\/","og_locale":"fr_FR","og_type":"article","og_title":"Maisons Pariente | Site officiel | H\u00f4tels de luxe 5 \u00e9toiles","og_description":"D\u00e9couvrez Maisons Pariente, collection d'h\u00f4tels 5 \u00e9toiles d'exception. Luxe, confort et destinations pris\u00e9es vous attendent. R\u00e9servez d\u00e8s maintenant !","og_url":"https:\/\/mp.hosting.threatspike.net\/fr\/","og_site_name":"Maisons Pariente","article_modified_time":"2025-12-01T17:11:57+00:00","twitter_card":"summary_large_image","schema":{"@context":"https:\/\/schema.org","@graph":[{"@type":"WebPage","@id":"https:\/\/mp.hosting.threatspike.net\/fr\/","url":"https:\/\/mp.hosting.threatspike.net\/fr\/","name":"Maisons Pariente | Site officiel | H\u00f4tels de luxe 5 \u00e9toiles","isPartOf":{"@id":"https:\/\/mp.hosting.threatspike.net\/#website"},"datePublished":"2024-05-15T09:48:57+00:00","dateModified":"2025-12-01T17:11:57+00:00","description":"D\u00e9couvrez Maisons Pariente, collection d'h\u00f4tels 5 \u00e9toiles d'exception. Luxe, confort et destinations pris\u00e9es vous attendent. R\u00e9servez d\u00e8s maintenant !","breadcrumb":{"@id":"https:\/\/mp.hosting.threatspike.net\/fr\/#breadcrumb"},"inLanguage":"fr-FR","potentialAction":[{"@type":"ReadAction","target":["https:\/\/mp.hosting.threatspike.net\/fr\/"]}]},{"@type":"BreadcrumbList","@id":"https:\/\/mp.hosting.threatspike.net\/fr\/#breadcrumb","itemListElement":[{"@type":"ListItem","position":1,"name":"Accueil","item":"https:\/\/mp.hosting.threatspike.net\/fr\/"},{"@type":"ListItem","position":2,"name":"Accueil"}]},{"@type":"WebSite","@id":"https:\/\/mp.hosting.threatspike.net\/#website","url":"https:\/\/mp.hosting.threatspike.net\/","name":"Maisons Pariente","description":"Une collection d'h\u00f4tels 5* familiale et contemporaine","publisher":{"@id":"https:\/\/mp.hosting.threatspike.net\/#organization"},"potentialAction":[{"@type":"SearchAction","target":{"@type":"EntryPoint","urlTemplate":"https:\/\/mp.hosting.threatspike.net\/?s={search_term_string}"},"query-input":{"@type":"PropertyValueSpecification","valueRequired":true,"valueName":"search_term_string"}}],"inLanguage":"fr-FR"},{"@type":"Organization","@id":"https:\/\/mp.hosting.threatspike.net\/#organization","name":"Maisons Pariente","url":"https:\/\/mp.hosting.threatspike.net\/","logo":{"@type":"ImageObject","inLanguage":"fr-FR","@id":"https:\/\/mp.hosting.threatspike.net\/#\/schema\/logo\/image\/","url":"https:\/\/mp.hosting.threatspike.net\/wp-content\/uploads\/sites\/2\/2024\/06\/LOGO-Maison-Pariente.svg","contentUrl":"https:\/\/mp.hosting.threatspike.net\/wp-content\/uploads\/sites\/2\/2024\/06\/LOGO-Maison-Pariente.svg","width":360,"height":93,"caption":"Maisons Pariente"},"image":{"@id":"https:\/\/mp.hosting.threatspike.net\/#\/schema\/logo\/image\/"}}]}},"_links":{"self":[{"href":"https:\/\/mp.hosting.threatspike.net\/fr\/wp-json\/wp\/v2\/pages\/8","targetHints":{"allow":["GET"]}}],"collection":[{"href":"https:\/\/mp.hosting.threatspike.net\/fr\/wp-json\/wp\/v2\/pages"}],"about":[{"href":"https:\/\/mp.hosting.threatspike.net\/fr\/wp-json\/wp\/v2\/types\/page"}],"author":[{"embeddable":true,"href":"https:\/\/mp.hosting.threatspike.net\/fr\/wp-json\/wp\/v2\/users\/1"}],"replies":[{"embeddable":true,"href":"https:\/\/mp.hosting.threatspike.net\/fr\/wp-json\/wp\/v2\/comments?post=8"}],"version-history":[{"count":170,"href":"https:\/\/mp.hosting.threatspike.net\/fr\/wp-json\/wp\/v2\/pages\/8\/revisions"}],"predecessor-version":[{"id":3817,"href":"https:\/\/mp.hosting.threatspike.net\/fr\/wp-json\/wp\/v2\/pages\/8\/revisions\/3817"}],"wp:attachment":[{"href":"https:\/\/mp.hosting.threatspike.net\/fr\/wp-json\/wp\/v2\/media?parent=8"}],"curies":[{"name":"wp","href":"https:\/\/api.w.org\/{rel}","templated":true}]}}